{"id":541,"date":"2022-05-27T08:40:25","date_gmt":"2022-05-27T08:40:25","guid":{"rendered":"https:\/\/rast-inno.de\/\/?page_id=541"},"modified":"2023-10-10T09:20:52","modified_gmt":"2023-10-10T09:20:52","slug":"aktuelle-forschungsprojekte","status":"publish","type":"page","link":"https:\/\/rast-inno.de\/index.php\/ueber-uns\/aktuelle-forschungsprojekte\/","title":{"rendered":"Aktuelle Forschungsprojekte"},"content":{"rendered":"<h1><strong><u>Kurztitel \/ Akronym:<\/u><\/strong>\u00a0\u00a0\u00a0\u00a0 Bucheckernsch\u00e4lmaschine \/ BSM<\/h1>\n<h4><strong><u>Titel:<\/u> <\/strong>\u00a0\u00a0\u00a0\u00a0\u00a0 Entwicklung eines Verfahrens und einer Maschine f\u00fcr die verzehrfertige Aufbereitung von Bucheckern und eine sich anschlie\u00dfende Etablierung des hergestellten Produktes in gegenw\u00e4rtig bestehenden Nahrungsmittelm\u00e4rkten.<\/h4>\n<p>Ziel des Vorhabens ist eine maschinelle Verarbeitung von Bucheckern bis zur verzehrfertigen Nuss. Die zu entwickelnde Maschine vereint alle n\u00f6tigen Schritte von der Aussortierung von schlechten N\u00fcssen \u00fcber die R\u00f6stung zur Neutralisierung der Blaus\u00e4ure bis zur Entfernung der Schale und der Haut.<\/p>\n<p>&nbsp;<\/p>\n<p>Durchgef\u00fchrt wird das Projekt von der Firma Anlagen Weissmann in Forschungskooperation mit der RAST Innovation gGmbH.<\/p>\n<p>&nbsp;<\/p>\n<p><strong>Dieses Projekt wird gef\u00f6rdert durch die Europ\u00e4ische Union aus dem Fonds f\u00fcr regionale Entwicklung und das Land Rheinland-Pfalz.<\/strong><\/p>\n<p><img loading=\"lazy\" decoding=\"async\" class=\"alignnone wp-image-579\" src=\"https:\/\/rast-inno.de\/\/wp-content\/uploads\/2022\/09\/BSM_EU-300x260.png\" alt=\"\" width=\"201\" height=\"174\" srcset=\"https:\/\/rast-inno.de\/wp-content\/uploads\/2022\/09\/BSM_EU-300x260.png 300w, https:\/\/rast-inno.de\/wp-content\/uploads\/2022\/09\/BSM_EU.png 314w\" sizes=\"auto, (max-width: 201px) 100vw, 201px\" \/> \u00a0\u00a0\u00a0\u00a0\u00a0\u00a0\u00a0\u00a0\u00a0\u00a0\u00a0\u00a0\u00a0\u00a0\u00a0\u00a0\u00a0\u00a0\u00a0 <img loading=\"lazy\" decoding=\"async\" class=\"alignnone wp-image-581\" src=\"https:\/\/rast-inno.de\/\/wp-content\/uploads\/2022\/09\/BSM_RLP-300x101.png\" alt=\"\" width=\"330\" height=\"111\" srcset=\"https:\/\/rast-inno.de\/wp-content\/uploads\/2022\/09\/BSM_RLP-300x101.png 300w, https:\/\/rast-inno.de\/wp-content\/uploads\/2022\/09\/BSM_RLP.png 558w\" sizes=\"auto, (max-width: 330px) 100vw, 330px\" \/><\/p>\n<p><img loading=\"lazy\" decoding=\"async\" class=\"alignnone wp-image-580\" src=\"https:\/\/rast-inno.de\/\/wp-content\/uploads\/2022\/09\/BSM_Euro-Fonds.png\" alt=\"\" width=\"207\" height=\"45\" \/><\/p>\n<hr \/>\n<h1><strong><u>Kurztitel \/ Akronym:<\/u>\u00a0<\/strong>\u00a0\u00a0\u00a0 CNC-Me<\/h1>\n<h4><strong><u>Titel:<\/u> <\/strong>\u00a0\u00a0\u00a0\u00a0\u00a0 Entwicklung einer vollautomatisierten Fertigungszelle zur rohrbezogenen Schneidring-Umformung mit vertikalem Biegeprozess<\/h4>\n<p>Vom Rohrspeicher mit speicherbaren Rohrl\u00e4ngen bis zu 6000 mm \u00fcber eine vollautomatisierte Schneid- und Rohrendenvermessungsanlage und eine Konfektionierung mit \u00dcberwurfmuttern zur vollautomatisierten Schneidring-Rohrendenumformung beider Rohrenden direkt aus dem Rohr. Danach eine hochpr\u00e4zise Vermessung der umgeformten Rohrenden und vollautomatische robotergest\u00fctzte Weitergabe des umgeformten Rohres zu einer vertikalen Rohr-<\/p>\n<p>Biegeanlage f\u00fcr Rohrl\u00e4ngen bis zu 3000 mm mit hochlabilen Rohrdurchmessern von \u00d8 4 und \u00d8 6 mm bei nur 0,5 mm Rohrwandst\u00e4rke. Gesteuert wird die vollautomatisierte Fertigungszelle \u00fcber ein ERP-System, welches neben den Fertigungsdaten (Auftragsnr., Material, Kunde, Menge, usw.) die Rohrkontur als CAD File im stp-Format an eine Transfersoftware innerhalb der Fertigungszelle weiterleitet. Diese wandelt die CAD-Rohrkontur in ein SPS-Programm um, welches den Biegeplan, ein Programm zur Schwerpunktfindung der zu biegenden Rohrgeometrie und die Maschinensteuerdaten enth\u00e4lt.<\/p>\n<p>&nbsp;<\/p>\n<p>Durchgef\u00fchrt wird das Projekt in Kooperation mit der Firma mobitec \u2013 Kottmann und Berger GmbH.<\/p>\n<p>&nbsp;<\/p>\n<p><strong>Dieses Projekt wird gef\u00f6rdert durch das Programm InvestBW des baden-w\u00fcrttembergischen Ministeriums f\u00fcr Wirtschaft, Arbeit und Tourismus.<\/strong><\/p>\n<p><img loading=\"lazy\" decoding=\"async\" class=\"alignnone size-medium wp-image-585\" src=\"https:\/\/rast-inno.de\/\/wp-content\/uploads\/2022\/09\/CNC_BW-invest-Logo-300x102.png\" alt=\"\" width=\"300\" height=\"102\" srcset=\"https:\/\/rast-inno.de\/wp-content\/uploads\/2022\/09\/CNC_BW-invest-Logo-300x102.png 300w, https:\/\/rast-inno.de\/wp-content\/uploads\/2022\/09\/CNC_BW-invest-Logo.png 464w\" sizes=\"auto, (max-width: 300px) 100vw, 300px\" \/> <img loading=\"lazy\" decoding=\"async\" class=\"alignnone size-medium wp-image-584\" src=\"https:\/\/rast-inno.de\/\/wp-content\/uploads\/2022\/09\/CNC_BaWu\u0308-Logo-300x104.png\" alt=\"\" width=\"300\" height=\"104\" srcset=\"https:\/\/rast-inno.de\/wp-content\/uploads\/2022\/09\/CNC_BaWu\u0308-Logo-300x104.png 300w, https:\/\/rast-inno.de\/wp-content\/uploads\/2022\/09\/CNC_BaWu\u0308-Logo.png 468w\" sizes=\"auto, (max-width: 300px) 100vw, 300px\" \/><\/p>\n<hr \/>\n<h1><strong><u>Kurztitel \/ Akronym:<\/u>\u00a0<\/strong>\u00a0\u00a0\u00a0 Gambia-Hamsterratte \/ GHR<\/h1>\n<h4><strong><u>Titel:<\/u><\/strong> \u00a0\u00a0\u00a0\u00a0\u00a0 Entwicklung eines Trainingsmoduls sowie eines Einsatzmoduls zum automatisierten Training von Gambia-Hamsterratten zur olfaktorischen Detektion von Krankheitserregern<\/h4>\n<p>Ziel ist die Entwicklung eines Trainingsmoduls f\u00fcr das olfaktorische Training von Gambia-Hamsterratten auf den Geruch von Krankheitserregern. Des Weiteren die Entwicklung eines Einsatzmoduls f\u00fcr den Einsatz der Gambia-Hamsterratten an Patienten.<\/p>\n<p>&nbsp;<\/p>\n<p>Durchgef\u00fchrt wird das Projekt von der Firma Tierklinik Germersheim GmbH in Forschungskooperation mit der RAST Innovation gGmbH.<\/p>\n<p>&nbsp;<\/p>\n<p><strong>Dieses Projekt wird gef\u00f6rdert durch die Europ\u00e4ische Union aus dem Fonds f\u00fcr regionale Entwicklung und das Land Rheinland-Pfalz.<\/strong><\/p>\n<p>&nbsp;<\/p>\n<p><img loading=\"lazy\" decoding=\"async\" class=\"alignnone wp-image-579\" src=\"https:\/\/rast-inno.de\/\/wp-content\/uploads\/2022\/09\/BSM_EU-300x260.png\" alt=\"\" width=\"201\" height=\"175\" srcset=\"https:\/\/rast-inno.de\/wp-content\/uploads\/2022\/09\/BSM_EU-300x260.png 300w, https:\/\/rast-inno.de\/wp-content\/uploads\/2022\/09\/BSM_EU.png 314w\" sizes=\"auto, (max-width: 201px) 100vw, 201px\" \/> \u00a0\u00a0\u00a0\u00a0\u00a0\u00a0\u00a0\u00a0\u00a0\u00a0\u00a0\u00a0\u00a0\u00a0\u00a0\u00a0\u00a0\u00a0\u00a0 <img loading=\"lazy\" decoding=\"async\" class=\"alignnone wp-image-581\" src=\"https:\/\/rast-inno.de\/\/wp-content\/uploads\/2022\/09\/BSM_RLP-300x101.png\" alt=\"\" width=\"330\" height=\"111\" srcset=\"https:\/\/rast-inno.de\/wp-content\/uploads\/2022\/09\/BSM_RLP-300x101.png 300w, https:\/\/rast-inno.de\/wp-content\/uploads\/2022\/09\/BSM_RLP.png 558w\" sizes=\"auto, (max-width: 330px) 100vw, 330px\" \/><\/p>\n<p><img loading=\"lazy\" decoding=\"async\" class=\"alignnone wp-image-580\" src=\"https:\/\/rast-inno.de\/\/wp-content\/uploads\/2022\/09\/BSM_Euro-Fonds.png\" alt=\"\" width=\"207\" height=\"45\" \/><\/p>\n<hr \/>\n<h1><span style=\"font-size: 32px;\"><strong><u>Kurztitel \/ Akronym:<\/u>\u00a0<\/strong>\u00a0<b>Verwertung gemischter Kunststoff-Abfallstr\u00f6me mittels Flash-Pyrolyse \/ FlashPyro<\/b><\/span><\/h1>\n<h4><span style=\"font-size: 20px;\"><strong><u>Titel:<\/u> <\/strong>\u00a0 \u00a0<b>Verfahren zur umweltvertr\u00e4glichen Verwertung gemischter industrieller Kunststoff-Abfallstr\u00f6me aus der Automobilindustrie mittels Flash-Pyrolyse<\/b><\/span><\/h4>\n<p style=\"font-weight: 400;\">In diesem Projektvorhaben soll ein Verfahren zur umweltvertr\u00e4glichen Verwertung mehrschichtiger Kunststoffverbunde sowie gemischter Kunststoff-Abfallstr\u00f6me entwickelt werden. Ziel ist es, eine Pilotanlage realisieren zu k\u00f6nnen. Geplant ist die Entwicklung einer kompakten und modularen dezentralen Anlage zum Einsatz in Betrieben der Automobilindustrie. Angestrebt wird dabei die Kombination von rohstofflicher und energetischer Verwertung. Hierf\u00fcr soll das Prinzip der Flash-Pyrolyse zur Gewinnung von Pyrolyse\u00f6l angewandt werden, welches herk\u00f6mmliche Dieselkraftstoffe aus fossilen Quellen ersetzen kann. Das beim Prozess au\u00dferdem als Nebenprodukt entstehende Pyrolysegas sowie die \u00fcbersch\u00fcssige Prozessw\u00e4rme sollen in einer Gasturbine zur Stromerzeugung genutzt werden. Parallel zur Entwicklung des Verfahrens und der Pilotanlage ist die Entwicklung einer prozessbegleitenden Analytik geplant.<\/p>\n<p>Durchgef\u00fchrt wird das Projekt in Kooperation mit der Firma mobitec \u2013 Kottmann und Berger GmbH.<\/p>\n<p>&nbsp;<\/p>\n<p><strong>Dieses Projekt wird gef\u00f6rdert durch das Programm InvestBW des baden-w\u00fcrttembergischen Ministeriums f\u00fcr Wirtschaft, Arbeit und Tourismus.<\/strong><\/p>\n<p><img loading=\"lazy\" decoding=\"async\" class=\"alignnone size-medium wp-image-585\" src=\"https:\/\/rast-inno.de\/\/wp-content\/uploads\/2022\/09\/CNC_BW-invest-Logo-300x102.png\" alt=\"\" width=\"300\" height=\"102\" srcset=\"https:\/\/rast-inno.de\/wp-content\/uploads\/2022\/09\/CNC_BW-invest-Logo-300x102.png 300w, https:\/\/rast-inno.de\/wp-content\/uploads\/2022\/09\/CNC_BW-invest-Logo.png 464w\" sizes=\"auto, (max-width: 300px) 100vw, 300px\" \/> <img loading=\"lazy\" decoding=\"async\" class=\"alignnone size-medium wp-image-584\" src=\"https:\/\/rast-inno.de\/\/wp-content\/uploads\/2022\/09\/CNC_BaWu\u0308-Logo-300x104.png\" alt=\"\" width=\"300\" height=\"104\" srcset=\"https:\/\/rast-inno.de\/wp-content\/uploads\/2022\/09\/CNC_BaWu\u0308-Logo-300x104.png 300w, https:\/\/rast-inno.de\/wp-content\/uploads\/2022\/09\/CNC_BaWu\u0308-Logo.png 468w\" sizes=\"auto, (max-width: 300px) 100vw, 300px\" \/><\/p>\n<p>&nbsp;<\/p>\n<hr \/>\n<h1><span style=\"font-size: 32px;\"><strong><u>Kurztitel \/ Akronym:<\/u> <\/strong><\/span>\u00a0\/ Kl\u00e4ranlagenzulauf-Messsystem \/ Kl\u00e4ZuMess<\/h1>\n<h4><span style=\"font-size: 20px;\"><strong><u>Titel:<\/u> <\/strong>\u00a0<\/span>Entwicklung eines Sensorsystems zur Ermittlung des Zulaufvolumens bei Kl\u00e4ranlagen unter Ber\u00fccksichtigung teilgef\u00fcllter Rohre<\/h4>\n<p>Ziel des Vorhabens ist es, ein in einem Abwasserrohr verbautes optisches Sensorsystem zu entwickeln, das die Abwassermenge in teilgef\u00fcllten Rohren bestimmen kann.<\/p>\n<p>Problemstellung:<\/p>\n<p>Die Messung des Abwassers in teilgef\u00fcllten\u00a0 Abwasserrohren ist schwierig, da diese Rohre nicht nur mit Abwasser gef\u00fcllt sind.<\/p>\n<p>In einem Abbwasserrohr befinden sich:<\/p>\n<ol>\n<li>Als unterste Schicht: Medien, die schwerer sind als Wasser, wie Sand und Steine<\/li>\n<li>\u00dcber dieser Schicht: Das Abwasser mit seinen Tr\u00fcbstoffen<\/li>\n<li>\u00dcber dieser Schicht: Medien, die leichter sind als Wasser wie Schaum, Bl\u00e4tter und organisches Material<\/li>\n<li>\u00dcber dieser Schicht: Luft mit Faulgasen<\/li>\n<\/ol>\n<p>Um das zur Verf\u00fcgung stehende Fl\u00fcssigkeitsvolumen in den Rohren und damit die Abwassermenge messen zu k\u00f6nnen, soll das Sensorsystem die Grenzschichten zwischen den Medien 1-4 bestimmen. Daraus l\u00e4\u00dft sich dann die Abwassermenge ermitteln, die je nach Entfernung des Abwasserrohres zur Kl\u00e4ranlage in der Kl\u00e4ranlage eintreffen wird.<\/p>\n<p>Zielstellung des Vorhabens ist es, durch die Messung der realen Abwassermengen in Kl\u00e4ranlagenzulauf die Abwasserbehandlung in der Kl\u00e4ranlage zeitlich so zu steuern, dass die Prozesse zur Abwasserreinigung in einem optimalen Bereich gefahren werden k\u00f6nnen. Dar\u00fcber hinaus kann man das Sensorsystem auch in Abwasserleitungen der kommunalen Abwasserverb\u00e4nde einsetzen. Dadurch wird das Management von gro\u00dfen Wassermengen aus Starkregenereignissen in\u00a0 den Rohrleitungssystemen und nachgeschalteten Regenr\u00fcckhaltebecken erleichtert und das zwischengespeicherte Wasser kann kontrolliert an die Kl\u00e4ranlage weitergeleitet werden.<\/p>\n<p>&nbsp;<\/p>\n<p>Durchgef\u00fchrt wird das Projekt am Standort Braunschweig in Kooperation mit der Firma AquaEcology GmbH &amp; Co. KG in Oldenburg.<\/p>\n<p>&nbsp;<\/p>\n<p><strong>Dieses Projekt wird gef\u00f6rdert durch die Europ\u00e4ische Union und das Land Niedersachsen.<\/strong><\/p>\n<p><img loading=\"lazy\" decoding=\"async\" class=\"alignnone wp-image-678\" src=\"https:\/\/rast-inno.de\/\/wp-content\/uploads\/2023\/09\/Kombi_h_Kofinanziert_EU_NDS_POS_RGB-300x30.jpg\" alt=\"\" width=\"940\" height=\"94\" srcset=\"https:\/\/rast-inno.de\/wp-content\/uploads\/2023\/09\/Kombi_h_Kofinanziert_EU_NDS_POS_RGB-300x30.jpg 300w, https:\/\/rast-inno.de\/wp-content\/uploads\/2023\/09\/Kombi_h_Kofinanziert_EU_NDS_POS_RGB-1024x103.jpg 1024w, https:\/\/rast-inno.de\/wp-content\/uploads\/2023\/09\/Kombi_h_Kofinanziert_EU_NDS_POS_RGB-768x77.jpg 768w, https:\/\/rast-inno.de\/wp-content\/uploads\/2023\/09\/Kombi_h_Kofinanziert_EU_NDS_POS_RGB-1536x154.jpg 1536w, https:\/\/rast-inno.de\/wp-content\/uploads\/2023\/09\/Kombi_h_Kofinanziert_EU_NDS_POS_RGB-2048x206.jpg 2048w, https:\/\/rast-inno.de\/wp-content\/uploads\/2023\/09\/Kombi_h_Kofinanziert_EU_NDS_POS_RGB-676x68.jpg 676w\" sizes=\"auto, (max-width: 940px) 100vw, 940px\" \/><\/p>\n<hr \/>\n<h1><\/h1>\n<h1><span style=\"font-size: 32px;\"><strong><u>Kurztitel \/ Akronym:<\/u> <\/strong><\/span>\u00a0\/ Modulares Kontroll- und Reinigungssystem f\u00fcr Schankanlagen-Leitungen \/ MoReiSys<\/h1>\n<h4><span style=\"font-size: 20px;\"><strong><u>Titel:<\/u> <\/strong>\u00a0<\/span>Entwicklung eines modularen Kontroll- und Reinigungssystems zur Vereinfachung der Schankanlagen-Hygiene<\/h4>\n<p><span style=\"font-family: 'Roboto Condensed';\">Schankanlagen-Hygiene ist ein gro\u00dfes und wichtiges Thema, das leider oft zu Gunsten einer Zeitersparnis nicht ernst genug genommen wird. Mit diesem Projekt wollen wir einen Beitrag\u00a0leisten, die Schankanlagen-Hygiene fu\u0308r den Anwender zu vereinfachen, sodass sie ohne Probleme in den Alltag integriert werden kann.\u00a0Wir m\u00f6chten in diesem Projekt ein modulares Mess- und Reinigungssystem fu\u0308r die t\u00e4gliche Grundreinigung von Schankanlagen entwickeln, das in nur einem Schritt reinigt und desinfiziert. Das System zur t\u00e4glichen Grundreinigung soll u\u0308ber einen Timer automatisch jede\u00a0Nacht aktiviert werden. Das System soll verschiedene Funktionen besitzen, die jeweils als eigenst\u00e4ndiges Modul umgesetzt werden. Diese umfassen eine Ultraschallreinigung, eine UV-Desinfektion, eine optische \u00dcberwachung des Reinigungszustandes sowie einen Temperatursensor zur Detektion von W\u00e4rmebru\u0308cken. Je nach Kundenwunsch k\u00f6nnen die Module individuell kombiniert und gekoppelt werden. Eine Basisstation, an die alle Leitungen einer handelsu\u0308blichen Python angeschlossen werden k\u00f6nnen, dient als Lager, Ladestation sowie\u00a0Auswerte- und Steuereinheit.<\/span><\/p>\n<p><span style=\"font-family: 'Roboto Condensed';\">Zus\u00e4tzlich soll ein Adapter entwickelt werden, der es erm\u00f6glich den kompletten Zapfhahn bis\u00a0zum Auslauf mitzureinigen.\u00a0So soll ein Gesamtsystem zur t\u00e4glichen Reinigung entwickelt werden, das alle Elemente der\u00a0Zapfanlage einschlie\u00dft und ohne mechanische Hilfsmittel und chemische Reinigungsl\u00f6sungen\u00a0auskommt. Dies schont gleichzeitig die Leitungen und die Umwelt.<\/span><\/p>\n<p><span style=\"font-family: 'Roboto Condensed';\">Durchgef\u00fchrt wird das Projekt am Standort Braunschweig in Kooperation mit der Firma mobitec Kottmann &amp; Berger GmbH.<\/span><\/p>\n<p>&nbsp;<\/p>\n<p><span style=\"font-family: 'Roboto Condensed';\"><strong>Dieses Projekt wird gef\u00f6rdert durch die Europ\u00e4ische Union und das Land Niedersachsen.<\/strong><\/span><\/p>\n<p><img loading=\"lazy\" decoding=\"async\" class=\"alignnone wp-image-678\" src=\"https:\/\/rast-inno.de\/\/wp-content\/uploads\/2023\/09\/Kombi_h_Kofinanziert_EU_NDS_POS_RGB-300x30.jpg\" alt=\"\" width=\"940\" height=\"94\" srcset=\"https:\/\/rast-inno.de\/wp-content\/uploads\/2023\/09\/Kombi_h_Kofinanziert_EU_NDS_POS_RGB-300x30.jpg 300w, https:\/\/rast-inno.de\/wp-content\/uploads\/2023\/09\/Kombi_h_Kofinanziert_EU_NDS_POS_RGB-1024x103.jpg 1024w, https:\/\/rast-inno.de\/wp-content\/uploads\/2023\/09\/Kombi_h_Kofinanziert_EU_NDS_POS_RGB-768x77.jpg 768w, https:\/\/rast-inno.de\/wp-content\/uploads\/2023\/09\/Kombi_h_Kofinanziert_EU_NDS_POS_RGB-1536x154.jpg 1536w, https:\/\/rast-inno.de\/wp-content\/uploads\/2023\/09\/Kombi_h_Kofinanziert_EU_NDS_POS_RGB-2048x206.jpg 2048w, https:\/\/rast-inno.de\/wp-content\/uploads\/2023\/09\/Kombi_h_Kofinanziert_EU_NDS_POS_RGB-676x68.jpg 676w\" sizes=\"auto, (max-width: 940px) 100vw, 940px\" \/><\/p>\n","protected":false},"excerpt":{"rendered":"<p>Kurztitel \/ Akronym:\u00a0\u00a0\u00a0\u00a0 Bucheckernsch\u00e4lmaschine \/ BSM Titel: \u00a0\u00a0\u00a0\u00a0\u00a0 Entwicklung eines Verfahrens und einer Maschine f\u00fcr die verzehrfertige Aufbereitung von Bucheckern und eine sich anschlie\u00dfende Etablierung des hergestellten Produktes in gegenw\u00e4rtig bestehenden Nahrungsmittelm\u00e4rkten. Ziel des Vorhabens ist eine maschinelle Verarbeitung von Bucheckern bis zur verzehrfertigen Nuss. Die zu entwickelnde Maschine vereint alle n\u00f6tigen Schritte von der [&hellip;]<\/p>\n","protected":false},"author":1,"featured_media":0,"parent":7,"menu_order":0,"comment_status":"closed","ping_status":"closed","template":"template-fullwidth.php","meta":{"footnotes":""},"class_list":["post-541","page","type-page","status-publish","hentry"],"_links":{"self":[{"href":"https:\/\/rast-inno.de\/index.php\/wp-json\/wp\/v2\/pages\/541","targetHints":{"allow":["GET"]}}],"collection":[{"href":"https:\/\/rast-inno.de\/index.php\/wp-json\/wp\/v2\/pages"}],"about":[{"href":"https:\/\/rast-inno.de\/index.php\/wp-json\/wp\/v2\/types\/page"}],"author":[{"embeddable":true,"href":"https:\/\/rast-inno.de\/index.php\/wp-json\/wp\/v2\/users\/1"}],"replies":[{"embeddable":true,"href":"https:\/\/rast-inno.de\/index.php\/wp-json\/wp\/v2\/comments?post=541"}],"version-history":[{"count":18,"href":"https:\/\/rast-inno.de\/index.php\/wp-json\/wp\/v2\/pages\/541\/revisions"}],"predecessor-version":[{"id":685,"href":"https:\/\/rast-inno.de\/index.php\/wp-json\/wp\/v2\/pages\/541\/revisions\/685"}],"up":[{"embeddable":true,"href":"https:\/\/rast-inno.de\/index.php\/wp-json\/wp\/v2\/pages\/7"}],"wp:attachment":[{"href":"https:\/\/rast-inno.de\/index.php\/wp-json\/wp\/v2\/media?parent=541"}],"curies":[{"name":"wp","href":"https:\/\/api.w.org\/{rel}","templated":true}]}}